{"id":5716,"date":"2024-03-12T10:27:11","date_gmt":"2024-03-12T09:27:11","guid":{"rendered":"http:\/\/www.inlen.photo\/?page_id=5716"},"modified":"2024-03-12T10:55:32","modified_gmt":"2024-03-12T09:55:32","slug":"hinh-anh-xuaviet-nam-dong-duong-vintage","status":"publish","type":"page","link":"https:\/\/www.inlen.photo\/vi\/hinh-anh-xuaviet-nam-dong-duong-vintage","title":{"rendered":"H\u00ecnh \u1ea3nh x\u01b0a Vi\u1ec7t Nam (\u0110\u00f4ng D\u01b0\u01a1ng, Vintage)"},"content":{"rendered":"\n<p>B\u1ed9 s\u01b0u t\u1eadp \u1ea3nh n\u00e0y thu\u1ed9c v\u1ec1 kho l\u01b0u tr\u1eef \u0111\u1ed9c quy\u1ec1n c\u1ee7a Galerie Inlen. Ch\u00fang t\u00f4i cam k\u1ebft tr\u00ecnh b\u00e0y l\u1ecbch s\u1eed nhi\u1ebfp \u1ea3nh Vi\u1ec7t Nam th\u00f4ng qua c\u00e1c t\u00e0i li\u1ec7u g\u1ed1c. Nh\u1eefng b\u1ee9c \u1ea3nh n\u00e0y \u0111\u01b0\u1ee3c b\u1ed1i c\u1ea3nh h\u00f3a trong khu\u00f4n kh\u1ed5 l\u1ecbch s\u1eed v\u00e0 x\u00e3 h\u1ed9i , truy\u1ec1n t\u1ea3i \u00fd ngh\u0129a cho ng\u01b0\u1eddi \u0111\u1ecdc ngay c\u1ea3 khi \u1ea3nh v\u1ebb \u201cv\u00f4 danh\u201dtr\u00ean nh\u00ecn \u0111\u1ea7u ti\u00ean. Khi b\u1ea1n xem qua c\u00e1c h\u00ecnh \u1ea3nh sau, h\u00e3y nh\u1ea5p v\u00e0o \u0111\u1ec3 hi\u1ec3u s\u00e2u h\u01a1n.<\/p>\n\n\n\n<p>B\u1ea1n c\u0169ng c\u00f3 th\u1ec3 \u0111\u1ecdc <a href=\"http:\/\/www.inlen.photo\/vi\/archives-vi\" data-type=\"URL\" data-id=\"http:\/\/www.inlen.photo\/vi\/archives-vi\">t\u1ea5t c\u1ea3 b\u00e0i vi\u1ebft \u0111\u00e2y<\/a><\/p>\n","protected":false},"excerpt":{"rendered":"<p>B\u1ed9 s\u01b0u t\u1eadp \u1ea3nh n\u00e0y thu\u1ed9c v\u1ec1 kho l\u01b0u tr\u1eef \u0111\u1ed9c quy\u1ec1n c\u1ee7a Galerie Inlen. Ch\u00fang t\u00f4i cam k\u1ebft tr\u00ecnh b\u00e0y l\u1ecbch s\u1eed nhi\u1ebfp \u1ea3nh Vi\u1ec7t Nam th\u00f4ng qua c\u00e1c t\u00e0i li\u1ec7u g\u1ed1c. Nh\u1eefng b\u1ee9c \u1ea3nh n\u00e0y \u0111\u01b0\u1ee3c b\u1ed1i c\u1ea3nh h\u00f3a trong khu\u00f4n kh\u1ed5 l\u1ecbch s\u1eed v\u00e0 x\u00e3 h\u1ed9i , truy\u1ec1n t\u1ea3i \u00fd ngh\u0129a cho ng\u01b0\u1eddi \u0111\u1ecdc ngay c\u1ea3 khi \u1ea3nh v\u1ebb \u201cv\u00f4 danh\u201dtr\u00ean nh\u00ecn \u0111\u1ea7u ti\u00ean. Khi b\u1ea1n xem qua c\u00e1c h\u00ecnh \u1ea3nh sau,<\/p>\n<p> [&#8230;]<\/p>\n","protected":false},"author":1,"featured_media":0,"parent":0,"menu_order":0,"comment_status":"closed","ping_status":"closed","template":"templates\/template-media.php","meta":{"footnotes":""},"class_list":["post-5716","page","type-page","status-publish","hentry"],"_links":{"self":[{"href":"https:\/\/www.inlen.photo\/vi\/wp-json\/wp\/v2\/pages\/5716","targetHints":{"allow":["GET"]}}],"collection":[{"href":"https:\/\/www.inlen.photo\/vi\/wp-json\/wp\/v2\/pages"}],"about":[{"href":"https:\/\/www.inlen.photo\/vi\/wp-json\/wp\/v2\/types\/page"}],"author":[{"embeddable":true,"href":"https:\/\/www.inlen.photo\/vi\/wp-json\/wp\/v2\/users\/1"}],"replies":[{"embeddable":true,"href":"https:\/\/www.inlen.photo\/vi\/wp-json\/wp\/v2\/comments?post=5716"}],"version-history":[{"count":2,"href":"https:\/\/www.inlen.photo\/vi\/wp-json\/wp\/v2\/pages\/5716\/revisions"}],"predecessor-version":[{"id":5719,"href":"https:\/\/www.inlen.photo\/vi\/wp-json\/wp\/v2\/pages\/5716\/revisions\/5719"}],"wp:attachment":[{"href":"https:\/\/www.inlen.photo\/vi\/wp-json\/wp\/v2\/media?parent=5716"}],"curies":[{"name":"wp","href":"https:\/\/api.w.org\/{rel}","templated":true}]}}