{"id":2894,"date":"2014-04-10T11:24:13","date_gmt":"2014-04-10T11:24:13","guid":{"rendered":"http:\/\/www.inlen.photo\/\/contact"},"modified":"2019-07-11T12:04:29","modified_gmt":"2019-07-11T11:04:29","slug":"contact","status":"publish","type":"page","link":"https:\/\/www.inlen.photo\/vi\/contact","title":{"rendered":"Contact"},"content":{"rendered":"<div class=\"tksc-alert-box tksc-alert-warning\"><\/p>\n<p>Ph\u00f2ng tranh ch\u1ec9 m\u1edf theo l\u1ecbch h\u1eb9n.<\/p>\n<p>B\u1ea1n c\u00f3 th\u1ec3 li\u00ean h\u1ec7 v\u1edbi ch\u00fang t\u00f4i qua \u0111i\u1ec7n tho\u1ea1i (+84) 8 4741 0695 \/ 08 4741 0695 \u0111\u1ec3 bi\u1ebft th\u00eam th\u00f4ng tin.<\/p>\n<p>\u0110\u1ecba ch\u1ec9:\u00a0 T\u00f2a nh\u00e0 Millenium Masteri, T\u1ea7ng 6, ph\u00f2ng A.6.24 &#8211; 132 B\u1ebfn V\u00e2n \u0110\u1ed3n, P6, Qu\u1eadn 4. Th\u00e0nh ph\u1ed1 H\u1ed3 Ch\u00ed Minh<\/p>\n<p><i class=\"close-infobox\"><\/i><\/div>\n","protected":false},"excerpt":{"rendered":"<p> [&#8230;]<\/p>\n","protected":false},"author":1,"featured_media":0,"parent":0,"menu_order":0,"comment_status":"open","ping_status":"open","template":"templates\/template-contact.php","meta":{"footnotes":""},"class_list":["post-2894","page","type-page","status-publish","hentry"],"_links":{"self":[{"href":"https:\/\/www.inlen.photo\/vi\/wp-json\/wp\/v2\/pages\/2894","targetHints":{"allow":["GET"]}}],"collection":[{"href":"https:\/\/www.inlen.photo\/vi\/wp-json\/wp\/v2\/pages"}],"about":[{"href":"https:\/\/www.inlen.photo\/vi\/wp-json\/wp\/v2\/types\/page"}],"author":[{"embeddable":true,"href":"https:\/\/www.inlen.photo\/vi\/wp-json\/wp\/v2\/users\/1"}],"replies":[{"embeddable":true,"href":"https:\/\/www.inlen.photo\/vi\/wp-json\/wp\/v2\/comments?post=2894"}],"version-history":[{"count":0,"href":"https:\/\/www.inlen.photo\/vi\/wp-json\/wp\/v2\/pages\/2894\/revisions"}],"wp:attachment":[{"href":"https:\/\/www.inlen.photo\/vi\/wp-json\/wp\/v2\/media?parent=2894"}],"curies":[{"name":"wp","href":"https:\/\/api.w.org\/{rel}","templated":true}]}}