{"id":5714,"date":"2024-03-12T10:19:34","date_gmt":"2024-03-12T09:19:34","guid":{"rendered":"http:\/\/www.inlen.photo\/?page_id=5714"},"modified":"2024-03-12T10:19:57","modified_gmt":"2024-03-12T09:19:57","slug":"photos-anciennes-du-vietnam-indochine-et-vintage","status":"publish","type":"page","link":"https:\/\/www.inlen.photo\/fr\/photos-anciennes-du-vietnam-indochine-et-vintage","title":{"rendered":"Photos anciennes du Vietnam (Indochine et vintage)"},"content":{"rendered":"\n<p>Cette collection de photos appartient aux archives exclusives de la Galerie Inlen. Nous sommes profond\u00e9ment engag\u00e9s \u00e0 pr\u00e9senter l\u2019histoire de la photographie vietnamienne \u00e0 travers des documents originaux. Ces photographies sont contextualis\u00e9es dans leur cadre historique et social, leur permettant de transmettre un sens au lecteur m\u00eame lorsqu&#8217;elles semblent \u00ab anonymes \u00bb \u00e0 premi\u00e8re vue. Pendant que vous parcourez les images suivantes, cliquez dessus pour obtenir des informations plus approfondies<\/p>\n\n\n\n<p>Vous pouvez \u00e9galement lire <a href=\"http:\/\/www.inlen.photo\/fr\/archives-fr\" data-type=\"URL\" data-id=\"http:\/\/www.inlen.photo\/fr\/archives-fr\">tous les archives ici<\/a><\/p>\n","protected":false},"excerpt":{"rendered":"<p>Cette collection de photos appartient aux archives exclusives de la Galerie Inlen. Nous sommes profond\u00e9ment engag\u00e9s \u00e0 pr\u00e9senter l\u2019histoire de la photographie vietnamienne \u00e0 travers des documents originaux. Ces photographies sont contextualis\u00e9es dans leur cadre historique et social, leur permettant de transmettre un sens au lecteur m\u00eame lorsqu&#8217;elles semblent \u00ab anonymes \u00bb \u00e0 premi\u00e8re vue. Pendant que vous parcourez les images suivantes, cliquez dessus pour obtenir des informations plus approfondies<\/p>\n<p>Vous pouvez \u00e9galement lire <a href=\"http:\/\/www.inlen.photo\/fr\/archives-fr\" data-type=\"URL\" data-id=\"http:\/\/www.inlen.photo\/fr\/archives-fr\">tous les archives ici<\/a><\/p>\n<p> [&#8230;]<\/p>\n","protected":false},"author":1,"featured_media":0,"parent":0,"menu_order":0,"comment_status":"closed","ping_status":"closed","template":"templates\/template-media.php","meta":{"footnotes":""},"class_list":["post-5714","page","type-page","status-publish","hentry"],"_links":{"self":[{"href":"https:\/\/www.inlen.photo\/fr\/wp-json\/wp\/v2\/pages\/5714","targetHints":{"allow":["GET"]}}],"collection":[{"href":"https:\/\/www.inlen.photo\/fr\/wp-json\/wp\/v2\/pages"}],"about":[{"href":"https:\/\/www.inlen.photo\/fr\/wp-json\/wp\/v2\/types\/page"}],"author":[{"embeddable":true,"href":"https:\/\/www.inlen.photo\/fr\/wp-json\/wp\/v2\/users\/1"}],"replies":[{"embeddable":true,"href":"https:\/\/www.inlen.photo\/fr\/wp-json\/wp\/v2\/comments?post=5714"}],"version-history":[{"count":1,"href":"https:\/\/www.inlen.photo\/fr\/wp-json\/wp\/v2\/pages\/5714\/revisions"}],"predecessor-version":[{"id":5715,"href":"https:\/\/www.inlen.photo\/fr\/wp-json\/wp\/v2\/pages\/5714\/revisions\/5715"}],"wp:attachment":[{"href":"https:\/\/www.inlen.photo\/fr\/wp-json\/wp\/v2\/media?parent=5714"}],"curies":[{"name":"wp","href":"https:\/\/api.w.org\/{rel}","templated":true}]}}